{"id":2343,"date":"2018-05-09T17:24:06","date_gmt":"2018-05-09T17:24:06","guid":{"rendered":"https:\/\/testmtr.buchmann-fotos.ch\/?page_id=2343"},"modified":"2025-01-27T19:02:12","modified_gmt":"2025-01-27T18:02:12","slug":"wir-stellen-uns-vor","status":"publish","type":"page","link":"https:\/\/www.minitrucker-rheintal.ch\/?page_id=2343","title":{"rendered":"Wir stellen uns vor"},"content":{"rendered":"<p>Der Verein stellt sich vor&#8230;<\/p>\n<p><strong>Zweck des Vereins<br \/>\n<\/strong>Mitglied kann jeder Freund des Modelltruck-Hobbys beiderlei Geschlechtes werden. Ferner k\u00f6nnen nat\u00fcrliche und juristische Personen, die den Club in irgendeiner Form unterst\u00fctzen, als G\u00f6nnermitglied aufgenommen werden.<br \/>\nDie Mitgliedschaft ist von einer bestimmten Staatszugeh\u00f6rigkeit unabh\u00e4ngig.<\/p>\n<p><strong>Arten der Mitgliedschaft<br \/>\n<\/strong>Aktive, Junioren (bis 18 Jahre), Passiv- und G\u00f6nnermitglieder.<\/p>\n<p><strong>Mitgliederbeitr\u00e4ge<\/strong><\/p>\n<p>Einmalige Clubmitgliedschaft&nbsp; &nbsp; &nbsp; &nbsp; &nbsp; &nbsp; &nbsp;CHF 50.00&nbsp; Eintrittsbeitrag<\/p>\n<p>Aktivmitglieder&nbsp; &nbsp; &nbsp; &nbsp; &nbsp; &nbsp; &nbsp; &nbsp; &nbsp; &nbsp; &nbsp; &nbsp; &nbsp; &nbsp; &nbsp; &nbsp; &nbsp; &nbsp;CHF 75.00&nbsp; Jahresbeitrag<\/p>\n<p>Juniorenmitglied&nbsp; &nbsp; &nbsp; &nbsp; &nbsp; &nbsp; &nbsp; &nbsp; &nbsp; &nbsp; &nbsp; &nbsp; &nbsp; &nbsp; &nbsp; &nbsp; &nbsp;CHF 25.00&nbsp; Jahresbeitrag bis zum 18.Geburtstag<\/p>\n<p>Passivmitglied&nbsp; &nbsp; &nbsp; &nbsp; &nbsp; &nbsp; &nbsp; &nbsp; &nbsp; &nbsp; &nbsp; &nbsp; &nbsp; &nbsp; &nbsp; &nbsp; &nbsp; &nbsp; &nbsp;CHF 40.00&nbsp; Jahresbeitrag<\/p>\n<p>G\u00f6nner&nbsp; &nbsp; &nbsp; &nbsp; &nbsp; &nbsp; &nbsp; &nbsp; &nbsp; &nbsp; &nbsp; &nbsp; &nbsp; &nbsp; &nbsp; &nbsp; &nbsp; &nbsp; &nbsp; &nbsp; &nbsp; &nbsp; &nbsp; &nbsp; ab CHF 100.00&nbsp;<\/p>\n<p><strong>Mitgliedschaft<br \/>\n<\/strong>Der Eintritt setzt die Anerkennung der Statuten und Reglemente sowie die Zahlung, des von der Generalversammlung festgelegten Eintrittsbeitrags voraus. Ein Aufnahmegesuch kann ohne Angabe von Gr\u00fcnden abgelehnt werden. Mit der Beitrittserkl\u00e4rung ist der Jahresbeitrag zu entrichten.&nbsp;Erfolgt eine Anmeldung nach dem 1.Oktober, ist das Mitglied bis zum Ende des Kalenderjahres von der Beitragspflicht befreit.<br \/>\nF\u00fcr Junioren entf\u00e4llt der Betrag f\u00fcr die einmalige Clubmitgliedschaft, und der Mitgliedsbeitrag betr\u00e4gt die H\u00e4lfte des Beitrages f\u00fcr Aktivmitglieder.<\/p>\n<p><strong>Was wird bei uns gebaut<br \/>\n<\/strong>Die Mitglieder des MTR-Schweiz widmen sich dem Bau von europ\u00e4ischen und amerikanischen Modellen in den Massst\u00e4ben 1:14,5&nbsp;bis 1:16 bzw. teilweise 1:8. Ein besonderes Interesse gilt auch den Sonderfahrzeugen wie Baufahrzeuge, Bagger, Radlader, Panzer und Gabelstapler.<\/p>\n<p><strong>Piste<br \/>\n<\/strong>Wir sind in der gl\u00fccklichen Lage und besitzen eine eigene Truckerpiste.<br \/>\nDiese befindet sich in Sevelen SG.<\/p>\n<p><strong>Interesse geweckt<br \/>\n<\/strong>So melden Sie sich beim Pr\u00e4sidenten.<\/p>\n<p><strong>Anmeldung<br \/>\n<\/strong>siehe&nbsp;<a href=\"https:\/\/www.minitrucker-rheintal.ch\/?page_id=28\">Kontaktformular<\/a><\/p>\n<p><strong>Copyright<br \/>\n<\/strong>Alle Rechte vorbehalten. Text, Bilder, Sound, Animationen, Videos und Grafiken auf diesen Webseiten unterliegen dem Urheberrecht. Dies gilt auch f\u00fcr deren Anordnung. Ohne die vorherige schriftliche Erlaubnis der Minitrucker Rheintal ist es nicht gestattet, den Inhalt dieser Webseite zu ver\u00f6ffentlichen oder zu verbreiten, zu \u00e4ndern, zu \u00fcbertragen, wiederzuverwenden, \u00f6ffentlich wiederzugeben oder zu \u00f6ffentlichen oder f\u00fcr kommerzielle Zwecke zu verwenden.<\/p>\n<p>&nbsp;<\/p>\n","protected":false},"excerpt":{"rendered":"<p>Der Verein stellt sich vor&#8230; Zweck des Vereins Mitglied kann jeder Freund des Modelltruck-Hobbys beiderlei Geschlechtes werden. Ferner k\u00f6nnen nat\u00fcrliche und juristische Personen, die den Club in irgendeiner Form unterst\u00fctzen, als [&hellip;]<\/p>\n","protected":false},"author":1,"featured_media":0,"parent":18,"menu_order":0,"comment_status":"closed","ping_status":"closed","template":"","meta":{"_monsterinsights_skip_tracking":false,"_monsterinsights_sitenote_active":false,"_monsterinsights_sitenote_note":"","_monsterinsights_sitenote_category":0,"ngg_post_thumbnail":0,"footnotes":""},"class_list":["post-2343","page","type-page","status-publish","hentry"],"_links":{"self":[{"href":"https:\/\/www.minitrucker-rheintal.ch\/index.php?rest_route=\/wp\/v2\/pages\/2343","targetHints":{"allow":["GET"]}}],"collection":[{"href":"https:\/\/www.minitrucker-rheintal.ch\/index.php?rest_route=\/wp\/v2\/pages"}],"about":[{"href":"https:\/\/www.minitrucker-rheintal.ch\/index.php?rest_route=\/wp\/v2\/types\/page"}],"author":[{"embeddable":true,"href":"https:\/\/www.minitrucker-rheintal.ch\/index.php?rest_route=\/wp\/v2\/users\/1"}],"replies":[{"embeddable":true,"href":"https:\/\/www.minitrucker-rheintal.ch\/index.php?rest_route=%2Fwp%2Fv2%2Fcomments&post=2343"}],"version-history":[{"count":6,"href":"https:\/\/www.minitrucker-rheintal.ch\/index.php?rest_route=\/wp\/v2\/pages\/2343\/revisions"}],"predecessor-version":[{"id":17108,"href":"https:\/\/www.minitrucker-rheintal.ch\/index.php?rest_route=\/wp\/v2\/pages\/2343\/revisions\/17108"}],"up":[{"embeddable":true,"href":"https:\/\/www.minitrucker-rheintal.ch\/index.php?rest_route=\/wp\/v2\/pages\/18"}],"wp:attachment":[{"href":"https:\/\/www.minitrucker-rheintal.ch\/index.php?rest_route=%2Fwp%2Fv2%2Fmedia&parent=2343"}],"curies":[{"name":"wp","href":"https:\/\/api.w.org\/{rel}","templated":true}]}}